{"id":1064,"date":"2021-08-17T13:29:54","date_gmt":"2021-08-17T10:29:54","guid":{"rendered":"https:\/\/carla.lt\/?post_type=product&#038;p=1064"},"modified":"2025-11-15T15:56:14","modified_gmt":"2025-11-15T13:56:14","slug":"intensyvus-antakiu-blakstienu-laminavimo-kursas","status":"publish","type":"product","link":"https:\/\/carla.lt\/en\/produktas\/intensyvus-antakiu-blakstienu-laminavimo-kursas\/","title":{"rendered":"INTENSYVUS ANTAKI\u0172 IR BLAKSTIEN\u0172 LAMINAVIMO KURSAS"},"content":{"rendered":"<p>[et_pb_section fb_built=&#8221;1&#8243; _builder_version=&#8221;3.22&#8243; custom_padding=&#8221;0px||||false|false&#8221; global_module=&#8221;594&#8243; saved_tabs=&#8221;all&#8221; collapsed=&#8221;off&#8221; global_colors_info=&#8221;{}&#8221;][et_pb_row _builder_version=&#8221;4.16&#8243; background_size=&#8221;initial&#8221; background_position=&#8221;top_left&#8221; background_repeat=&#8221;repeat&#8221; width=&#8221;100%&#8221; custom_padding=&#8221;0px||0px||false|false&#8221; global_colors_info=&#8221;{}&#8221;][et_pb_column type=&#8221;4_4&#8243; _builder_version=&#8221;4.16&#8243; custom_padding=&#8221;|||&#8221; global_colors_info=&#8221;{}&#8221; custom_padding__hover=&#8221;|||&#8221;][et_pb_wc_breadcrumb _builder_version=&#8221;4.16&#8243; global_colors_info=&#8221;{}&#8221;][\/et_pb_wc_breadcrumb][et_pb_wc_cart_notice admin_label=&#8221;Woo Notice&#8221; _builder_version=&#8221;4.16&#8243; global_colors_info=&#8221;{}&#8221;][\/et_pb_wc_cart_notice][\/et_pb_column][\/et_pb_row][et_pb_row column_structure=&#8221;2_5,3_5&#8243; admin_label=&#8221;Row&#8221; _builder_version=&#8221;4.16&#8243; background_size=&#8221;initial&#8221; background_position=&#8221;top_left&#8221; background_repeat=&#8221;repeat&#8221; width=&#8221;100%&#8221; custom_padding=&#8221;0px||||false|false&#8221; collapsed=&#8221;off&#8221; global_colors_info=&#8221;{}&#8221;][et_pb_column type=&#8221;2_5&#8243; _builder_version=&#8221;4.16&#8243; custom_padding=&#8221;|||&#8221; global_colors_info=&#8221;{}&#8221; custom_padding__hover=&#8221;|||&#8221;][et_pb_wc_images show_sale_badge=&#8221;off&#8221; admin_label=&#8221;Woo Product Images&#8221; _builder_version=&#8221;4.16&#8243; global_colors_info=&#8221;{}&#8221;][\/et_pb_wc_images][\/et_pb_column][et_pb_column type=&#8221;3_5&#8243; _builder_version=&#8221;4.16&#8243; custom_padding=&#8221;|||&#8221; global_colors_info=&#8221;{}&#8221; custom_padding__hover=&#8221;|||&#8221;][et_pb_wc_title admin_label=&#8221;Woo Product Title&#8221; _builder_version=&#8221;4.27.4&#8243; header_level=&#8221;h2&#8243; header_font=&#8221;|600|||||||&#8221; header_line_height=&#8221;1.3em&#8221; custom_margin=&#8221;||0px||false|false&#8221; global_colors_info=&#8221;{}&#8221;][\/et_pb_wc_title][et_pb_wc_price admin_label=&#8221;Woo Price&#8221; _builder_version=&#8221;4.16&#8243; body_text_color=&#8221;#808080&#8243; body_font_size=&#8221;22px&#8221; before_sale_price_text_color=&#8221;#808080&#8243; before_sale_price_font_size=&#8221;20px&#8221; sale_price_font=&#8221;|600|||||||&#8221; sale_price_text_color=&#8221;#808080&#8243; sale_price_font_size=&#8221;22px&#8221; global_colors_info=&#8221;{}&#8221;][\/et_pb_wc_price][et_pb_wc_additional_info show_title=&#8221;off&#8221; _builder_version=&#8221;4.16&#8243; _module_preset=&#8221;default&#8221; body_font=&#8221;||||||||&#8221; global_colors_info=&#8221;{}&#8221;][\/et_pb_wc_additional_info][et_pb_wc_add_to_cart _builder_version=&#8221;4.16&#8243; global_colors_info=&#8221;{}&#8221;][\/et_pb_wc_add_to_cart][et_pb_wc_description disabled_on=&#8221;off|off|off&#8221; admin_label=&#8221;Woo Product Description&#8221; _builder_version=&#8221;4.27.4&#8243; custom_margin=&#8221;||||false|false&#8221; custom_padding=&#8221;10px||||false|false&#8221; border_width_top=&#8221;1px&#8221; border_color_top=&#8221;#dadada&#8221; global_colors_info=&#8221;{}&#8221;][\/et_pb_wc_description][et_pb_wc_meta show_categories=&#8221;off&#8221; show_tags=&#8221;off&#8221; _builder_version=&#8221;4.16&#8243; global_colors_info=&#8221;{}&#8221;][\/et_pb_wc_meta][et_pb_text admin_label=&#8221;Text&#8221; _builder_version=&#8221;4.25.1&#8243; _module_preset=&#8221;default&#8221; header_5_font=&#8221;|700|||||||&#8221; header_5_text_color=&#8221;#000000&#8243; header_5_line_height=&#8221;1.3em&#8221; background_color=&#8221;#e2e2e2&#8243; custom_margin=&#8221;||0px||false|false&#8221; custom_padding=&#8221;20px|20px|10px|20px|false|false&#8221; global_colors_info=&#8221;{}&#8221;]<\/p>\n<h5>Atsiliepimai<\/h5>\n<p>[\/et_pb_text][et_pb_wc_reviews show_avatar=&#8221;off&#8221; show_count=&#8221;off&#8221; admin_label=&#8221;Woo Product Reviews&#8221; _builder_version=&#8221;4.25.1&#8243; _module_preset=&#8221;default&#8221; form_field_background_color=&#8221;#FFFFFF&#8221; form_field_focus_background_color=&#8221;#FFFFFF&#8221; title_font=&#8221;|600|||||||&#8221; title_text_color=&#8221;#000000&#8243; title_font_size=&#8221;16px&#8221; title_line_height=&#8221;1.3em&#8221; body_text_color=&#8221;#000000&#8243; body_line_height=&#8221;1.3em&#8221; form_field_font_size=&#8221;14px&#8221; form_field_line_height=&#8221;1.2em&#8221; background_color=&#8221;#f2f2f2&#8243; custom_margin=&#8221;||||false|false&#8221; custom_padding=&#8221;20px|20px|20px|20px|true|true&#8221; border_color_top=&#8221;#e2e2e2&#8243; global_colors_info=&#8221;{}&#8221;][\/et_pb_wc_reviews][\/et_pb_column][\/et_pb_row][\/et_pb_section]<\/p>\n","protected":false},"excerpt":{"rendered":"<h1>ANTAKI\u0172 IR BLAKSTIEN\u0172 LAMINAVIMO KURSAI<\/h1>\n<p><strong>INTENSYV\u016aS 1 DIENOS <a href=\"https:\/\/carla.lt\/produkto-kategorija\/kursai\/\" target=\"_blank\" rel=\"noopener\">BLAKSTIEN\u0172 IR ANTAKI\u0172 LAMINAVIMO KURSAI<\/a><\/strong><\/p>\n<p><strong>ANTAKI\u0172 LAMINAVIMAS<\/strong>\u00a0\u2013 ilgalaikis plaukeli\u0173 fiksavimas, kurio metu plaukeliai su\u0161ukuojami ir u\u017efiksuojami viena kryptimi, suteikiama tvarkinga i\u0161vaizda, taisyklinga forma ir pary\u0161kinama spalva.<\/p>\n<p><strong>PROCED\u016aROS EFEKTAS<\/strong><br \/>\nProced\u016bros poveikis matomas i\u0161kart po proced\u016bros ir t\u0119siasi nuo 3 iki 4 savai\u010di\u0173, kartais ir iki 2 m\u0117nesi\u0173. D\u0117l plaukeli\u0173 i\u0161lyginimo antakiai pradeda atrodyti storesni ir ry\u0161kesni. Reguliariai kartojant proced\u016br\u0105, antaki\u0173 plaukeliai stipr\u0117ja.<\/p>\n<p><strong>BLAKSTIEN\u0172 LAMINAVIMAS<\/strong>\u00a0\u2013 tai proced\u016bra nat\u016bralioms blakstienoms, kurios d\u0117ka jos tampa riestesn\u0117s, tankesn\u0117s ir stipresn\u0117s nuo \u0161akn\u0173 iki galiuk\u0173, \u012fgauna sveik\u0105 atspalv\u012f ir spindes\u012f.<\/p>\n<p><strong>PROCED\u016aROS EFEKTAS<\/strong><br \/>\nEfektas po proced\u016bros laikosi 1-2 m\u0117nesius. Proced\u016bros metu blakstienos prisotinamos veikli\u0173j\u0173 med\u017eiag\u0173, tarp kuri\u0173 yra vitaminai, organiniai komponentai, peptidai ir keratinas. Ingridientai stimuliuoja esam\u0173 blakstien\u0173 augimo proces\u0105.<\/p>\n<p><strong>KURS\u0172 PROGRAMA \u00a0\u00a0<\/strong><\/p>\n<p>\u2022 plaukeli\u0173 fiksavimas;<br \/>\n\u2022 antaki\u0173 korekcija;<br \/>\n\u2022 antaki\u0173\/blakstien\u0173 da\u017eymas;<br \/>\n\u2022 antaki\u0173 liftingas;<br \/>\n\u2022 tinkamas da\u017e\u0173 spalv\u0173 parinkimas;<br \/>\n\u2022 antaki\u0173\/blakstien\u0173 laminavimo proced\u016bros eiga;<br \/>\n\u2022 antaki\u0173\/blakstien\u0173 prie\u017ei\u016bra po proced\u016bros;<br \/>\n\u2022 profesionali klient\u0173 konsultacija;<br \/>\n\u2022 higienos normos ir darbo sauga;<br \/>\n\u2022 kokybi\u0161kas darb\u0173 fotografavimas;<br \/>\n\u2022 marketingo paslaptys.<\/p>\n<p><strong>KURS\u0172 PRIVALUMAI\u00a0 \u00a0 \u00a0 \u00a0 \u00a0 \u00a0 \u00a0 \u00a0 \u00a0 \u00a0 \u00a0 \u00a0 \u00a0 \u00a0 \u00a0 \u00a0 \u00a0 \u00a0 \u00a0 \u00a0 \u00a0 \u00a0 \u00a0 \u00a0 \u00a0 \u00a0 \u00a0 \u00a0 \u00a0 \u00a0 \u00a0 \u00a0 \u00a0 \u00a0 \u00a0 \u00a0 \u00a0 \u00a0 \u00a0 \u00a0 \u00a0 \u00a0 \u00a0 \u00a0 \u00a0 \u00a0 \u00a0 \u00a0 \u00a0 \u00a0 \u00a0 \u00a0 \u00a0 \u00a0 \u00a0 \u00a0 \u00a0 \u00a0 \u00a0 \u00a0 \u00a0 \u00a0 \u00a0 \u00a0 \u00a0 \u00a0 \u00a0 \u00a0 \u00a0 \u00a0<\/strong><\/p>\n<p>\u2022 Kurs\u0173 metu suteikiamos visos priemon\u0117s, tad Jums nereikia nieko tur\u0117ti nusipirkus i\u0161 anksto;<br \/>\n\u2022 Suteikiama spausdinta mokomoji med\u017eiaga, kuri lieka Jums;<br \/>\n\u2022 Suteikiamas akredituotas sertifikatas angl\u0173 kalba;<br \/>\n\u2022 I\u0161moksite kokybi\u0161kai fotografuoti savo darbus;<br \/>\n\u2022 Po kurs\u0173 gal\u0117site \u012fsigyti reikiamas priemones savaranki\u0161kam darbui;<br \/>\n\u2022 Palaikymas ir konsultacijos bei galimyb\u0117 pirkti priemones po mokym\u0173; \u00a0 \u00a0 \u00a0 \u00a0 \u00a0 \u00a0 \u00a0 \u00a0 \u00a0 \u00a0 \u00a0 \u00a0 \u00a0 \u00a0 \u00a0 \u00a0 \u00a0 \u00a0 \u00a0 \u00a0 \u00a0 \u00a0 \u00a0 \u00a0 \u00a0 \u00a0 \u00a0 \u00a0\u2022 Mokymai\u00a0gali b\u016bti grupiniai (max 6) arba individual\u016bs (max 1);<\/p>\n<p><strong>B\u016btina i\u0161ankstin\u0117 registracija<\/strong>, kuri patvirtinama tik sumok\u0117jus registracijos mokest\u012f.<\/p>\n<p><strong>Mokinio pareiga<\/strong> \u2013 susirasti model\u012f praktinei mokym\u0173 daliai.<\/p>\n<p><strong>Suteikiamos visos kurs\u0173 metu naudojamos priemon\u0117s bei \u012frankiai.\u00a0 \u00a0 \u00a0 \u00a0 \u00a0 \u00a0 \u00a0 \u00a0 \u00a0 \u00a0 \u00a0 \u00a0 \u00a0 \u00a0 \u00a0 \u00a0 \u00a0 \u00a0 \u00a0 \u00a0 \u00a0 \u00a0 \u00a0 \u00a0 \u00a0 \u00a0 \u00a0 \u00a0 \u00a0<\/strong><strong>Vietoje gal\u0117site \u012fsigyti visas mokym\u0173 metu naudotas priemones bei \u012frankius savaranki\u0161kam darbui po mokym\u0173.<\/strong><\/p>\n<p>Jums pageidaujant kursai gali vykti individualiai t. y. galite pasirinkti Jums tinkam\u0105 kurs\u0173 laik\u0105 bei grafik\u0105 ir mokym\u0173 turin\u012f.<\/p>\n<p><strong>Pabaigus kursus i\u0161duodamas sertifikatas.<\/strong><\/p>\n","protected":false},"featured_media":6035,"comment_status":"open","ping_status":"closed","template":"","meta":{"_et_pb_use_builder":"on","_et_pb_old_content":"Blakstien\u0173 ir antaki\u0173 laminavimo Kursai.","_et_gb_content_width":""},"product_brand":[],"product_cat":[28],"product_tag":[],"class_list":{"0":"post-1064","1":"product","2":"type-product","3":"status-publish","4":"has-post-thumbnail","6":"product_cat-antakiai-blakstienos","7":"product_shipping_class-kursams","9":"first","10":"instock","11":"shipping-taxable","12":"purchasable","13":"product-type-variable"},"_links":{"self":[{"href":"https:\/\/carla.lt\/en\/wp-json\/wp\/v2\/product\/1064","targetHints":{"allow":["GET"]}}],"collection":[{"href":"https:\/\/carla.lt\/en\/wp-json\/wp\/v2\/product"}],"about":[{"href":"https:\/\/carla.lt\/en\/wp-json\/wp\/v2\/types\/product"}],"replies":[{"embeddable":true,"href":"https:\/\/carla.lt\/en\/wp-json\/wp\/v2\/comments?post=1064"}],"wp:featuredmedia":[{"embeddable":true,"href":"https:\/\/carla.lt\/en\/wp-json\/wp\/v2\/media\/6035"}],"wp:attachment":[{"href":"https:\/\/carla.lt\/en\/wp-json\/wp\/v2\/media?parent=1064"}],"wp:term":[{"taxonomy":"product_brand","embeddable":true,"href":"https:\/\/carla.lt\/en\/wp-json\/wp\/v2\/product_brand?post=1064"},{"taxonomy":"product_cat","embeddable":true,"href":"https:\/\/carla.lt\/en\/wp-json\/wp\/v2\/product_cat?post=1064"},{"taxonomy":"product_tag","embeddable":true,"href":"https:\/\/carla.lt\/en\/wp-json\/wp\/v2\/product_tag?post=1064"}],"curies":[{"name":"wp","href":"https:\/\/api.w.org\/{rel}","templated":true}]}}