{"id":1849,"date":"2021-10-08T18:06:18","date_gmt":"2021-10-08T15:06:18","guid":{"rendered":"https:\/\/carla.lt\/?post_type=product&#038;p=1849"},"modified":"2024-04-03T11:33:10","modified_gmt":"2024-04-03T08:33:10","slug":"vienkartinis-medinis-dildes-pagrindas","status":"publish","type":"product","link":"https:\/\/carla.lt\/en\/produktas\/vienkartinis-medinis-dildes-pagrindas\/","title":{"rendered":"Vienkartinis medinis dild\u0117s pagrindas \u201eStaleks&#8221;"},"content":{"rendered":"<p>[et_pb_section fb_built=&#8221;1&#8243; _builder_version=&#8221;3.22&#8243; custom_padding=&#8221;0px||||false|false&#8221; global_module=&#8221;594&#8243; saved_tabs=&#8221;all&#8221; collapsed=&#8221;on&#8221; global_colors_info=&#8221;{}&#8221;][et_pb_row _builder_version=&#8221;3.25&#8243; background_size=&#8221;initial&#8221; background_position=&#8221;top_left&#8221; background_repeat=&#8221;repeat&#8221; width=&#8221;100%&#8221; custom_padding=&#8221;0px||0px||false|false&#8221; global_colors_info=&#8221;{}&#8221;][et_pb_column type=&#8221;4_4&#8243; _builder_version=&#8221;3.25&#8243; custom_padding=&#8221;|||&#8221; global_colors_info=&#8221;{}&#8221; custom_padding__hover=&#8221;|||&#8221;][et_pb_wc_breadcrumb _builder_version=&#8221;3.0.47&#8243; global_colors_info=&#8221;{}&#8221;][\/et_pb_wc_breadcrumb][et_pb_wc_cart_notice global_colors_info=&#8221;{}&#8221;][\/et_pb_wc_cart_notice][\/et_pb_column][\/et_pb_row][et_pb_row column_structure=&#8221;2_5,3_5&#8243; admin_label=&#8221;Row&#8221; _builder_version=&#8221;3.25&#8243; background_size=&#8221;initial&#8221; background_position=&#8221;top_left&#8221; background_repeat=&#8221;repeat&#8221; width=&#8221;100%&#8221; custom_padding=&#8221;0px||||false|false&#8221; collapsed=&#8221;off&#8221; global_colors_info=&#8221;{}&#8221;][et_pb_column type=&#8221;2_5&#8243; _builder_version=&#8221;3.25&#8243; custom_padding=&#8221;|||&#8221; global_colors_info=&#8221;{}&#8221; custom_padding__hover=&#8221;|||&#8221;][et_pb_wc_images show_sale_badge=&#8221;off&#8221; _builder_version=&#8221;4.9.7&#8243; global_colors_info=&#8221;{}&#8221;][\/et_pb_wc_images][\/et_pb_column][et_pb_column type=&#8221;3_5&#8243; _builder_version=&#8221;3.25&#8243; custom_padding=&#8221;|||&#8221; global_colors_info=&#8221;{}&#8221; custom_padding__hover=&#8221;|||&#8221;][et_pb_wc_title _builder_version=&#8221;4.9.9&#8243; header_level=&#8221;h2&#8243; header_font=&#8221;|600|||||||&#8221; header_line_height=&#8221;1.3em&#8221; custom_margin=&#8221;||0px||false|false&#8221; global_colors_info=&#8221;{}&#8221;][\/et_pb_wc_title][et_pb_wc_price admin_label=&#8221;Woo Price&#8221; _builder_version=&#8221;4.9.7&#8243; body_text_color=&#8221;#808080&#8243; body_font_size=&#8221;22px&#8221; before_sale_price_text_color=&#8221;#808080&#8243; before_sale_price_font_size=&#8221;20px&#8221; sale_price_font=&#8221;|600|||||||&#8221; sale_price_text_color=&#8221;#808080&#8243; sale_price_font_size=&#8221;22px&#8221; global_colors_info=&#8221;{}&#8221;][\/et_pb_wc_price][et_pb_wc_additional_info show_title=&#8221;off&#8221; _builder_version=&#8221;4.9.7&#8243; _module_preset=&#8221;default&#8221; body_font=&#8221;||||||||&#8221; global_colors_info=&#8221;{}&#8221;][\/et_pb_wc_additional_info][et_pb_wc_add_to_cart global_colors_info=&#8221;{}&#8221;][\/et_pb_wc_add_to_cart][et_pb_wc_description _builder_version=&#8221;4.9.7&#8243; custom_margin=&#8221;||||false|false&#8221; custom_padding=&#8221;10px||||false|false&#8221; border_width_top=&#8221;1px&#8221; border_color_top=&#8221;#dadada&#8221; global_colors_info=&#8221;{}&#8221;][\/et_pb_wc_description][et_pb_wc_meta show_categories=&#8221;off&#8221; show_tags=&#8221;off&#8221; _builder_version=&#8221;4.9.7&#8243; global_colors_info=&#8221;{}&#8221;][\/et_pb_wc_meta][\/et_pb_column][\/et_pb_row][\/et_pb_section]<\/p>\n","protected":false},"excerpt":{"rendered":"<div>\n<h1>Vienkartinis medinis dild\u0117s pagrindas<\/h1>\n<p>Vienkartinis, <a href=\"https:\/\/carla.lt\/produkto-kategorija\/e-parduotuve\/\" target=\"_blank\" rel=\"noopener\">medinis dild\u0117s pagrindas<\/a> &#8211; tai auk\u0161\u010diausias higienos standartas. Sukurtas naudoti tiek maniki\u016brui, tiek pediki\u016brui. Vienkartiniam, mediniam pagrindui tinkami jau paruo\u0161ti naudoti pap mAm u\u017emaunami abrazyvai (parduodami atskirai).<\/p>\n<\/div>\n<div>\n<p>Pagaminta i\u0161 aplinkai nekenksmingos med\u017eiagos &#8211; ber\u017eo medienos;<\/p>\n<\/div>\n<div>\n<p>lengvos (2,9 g);<\/p>\n<p>patogu dirbti;<\/p>\n<\/div>\n<div>\n<p>forma: tiesi;<\/p>\n<\/div>\n<div>\n<p>pakuot\u0117je yra 50 vnt.<\/p>\n<\/div>\n<div>\n<p>D\u0116MESIO! Netinka spurgos ir klijuojami abrazyvai.<\/p>\n<\/div>\n","protected":false},"featured_media":1845,"comment_status":"closed","ping_status":"closed","template":"","meta":{"_et_pb_use_builder":"on","_et_pb_old_content":"","_et_gb_content_width":""},"product_brand":[],"product_cat":[100,88,70],"product_tag":[],"class_list":{"0":"post-1849","1":"product","2":"type-product","3":"status-publish","4":"has-post-thumbnail","6":"product_cat-dildes-pemzos","7":"product_cat-manikiuras-pedikiuras-irankiai","8":"product_cat-manikiuras-pedikiuras-2","10":"first","11":"instock","12":"shipping-taxable","13":"purchasable","14":"product-type-simple"},"_links":{"self":[{"href":"https:\/\/carla.lt\/en\/wp-json\/wp\/v2\/product\/1849","targetHints":{"allow":["GET"]}}],"collection":[{"href":"https:\/\/carla.lt\/en\/wp-json\/wp\/v2\/product"}],"about":[{"href":"https:\/\/carla.lt\/en\/wp-json\/wp\/v2\/types\/product"}],"replies":[{"embeddable":true,"href":"https:\/\/carla.lt\/en\/wp-json\/wp\/v2\/comments?post=1849"}],"wp:featuredmedia":[{"embeddable":true,"href":"https:\/\/carla.lt\/en\/wp-json\/wp\/v2\/media\/1845"}],"wp:attachment":[{"href":"https:\/\/carla.lt\/en\/wp-json\/wp\/v2\/media?parent=1849"}],"wp:term":[{"taxonomy":"product_brand","embeddable":true,"href":"https:\/\/carla.lt\/en\/wp-json\/wp\/v2\/product_brand?post=1849"},{"taxonomy":"product_cat","embeddable":true,"href":"https:\/\/carla.lt\/en\/wp-json\/wp\/v2\/product_cat?post=1849"},{"taxonomy":"product_tag","embeddable":true,"href":"https:\/\/carla.lt\/en\/wp-json\/wp\/v2\/product_tag?post=1849"}],"curies":[{"name":"wp","href":"https:\/\/api.w.org\/{rel}","templated":true}]}}