{"id":5677,"date":"2023-03-28T14:41:16","date_gmt":"2023-03-28T11:41:16","guid":{"rendered":"https:\/\/carla.lt\/?post_type=product&#038;p=5677"},"modified":"2025-08-19T09:54:21","modified_gmt":"2025-08-19T06:54:21","slug":"in-lei-fix-2","status":"publish","type":"product","link":"https:\/\/carla.lt\/en\/produktas\/in-lei-fix-2\/","title":{"rendered":"In Lei Fix 2"},"content":{"rendered":"<p>[et_pb_section fb_built=&#8221;1&#8243; _builder_version=&#8221;3.22&#8243; custom_padding=&#8221;0px||||false|false&#8221; global_module=&#8221;594&#8243; saved_tabs=&#8221;all&#8221; collapsed=&#8221;off&#8221; global_colors_info=&#8221;{}&#8221;][et_pb_row _builder_version=&#8221;4.16&#8243; background_size=&#8221;initial&#8221; background_position=&#8221;top_left&#8221; background_repeat=&#8221;repeat&#8221; width=&#8221;100%&#8221; custom_padding=&#8221;0px||0px||false|false&#8221; global_colors_info=&#8221;{}&#8221;][et_pb_column type=&#8221;4_4&#8243; _builder_version=&#8221;4.16&#8243; custom_padding=&#8221;|||&#8221; global_colors_info=&#8221;{}&#8221; custom_padding__hover=&#8221;|||&#8221;][et_pb_wc_breadcrumb _builder_version=&#8221;4.16&#8243; global_colors_info=&#8221;{}&#8221;][\/et_pb_wc_breadcrumb][et_pb_wc_cart_notice _builder_version=&#8221;4.16&#8243; global_colors_info=&#8221;{}&#8221;][\/et_pb_wc_cart_notice][\/et_pb_column][\/et_pb_row][et_pb_row column_structure=&#8221;2_5,3_5&#8243; admin_label=&#8221;Row&#8221; _builder_version=&#8221;4.16&#8243; background_size=&#8221;initial&#8221; background_position=&#8221;top_left&#8221; background_repeat=&#8221;repeat&#8221; width=&#8221;100%&#8221; custom_padding=&#8221;0px||||false|false&#8221; collapsed=&#8221;off&#8221; global_colors_info=&#8221;{}&#8221;][et_pb_column type=&#8221;2_5&#8243; _builder_version=&#8221;4.16&#8243; custom_padding=&#8221;|||&#8221; global_colors_info=&#8221;{}&#8221; custom_padding__hover=&#8221;|||&#8221;][et_pb_wc_images show_sale_badge=&#8221;off&#8221; _builder_version=&#8221;4.16&#8243; global_colors_info=&#8221;{}&#8221;][\/et_pb_wc_images][\/et_pb_column][et_pb_column type=&#8221;3_5&#8243; _builder_version=&#8221;4.16&#8243; custom_padding=&#8221;|||&#8221; global_colors_info=&#8221;{}&#8221; custom_padding__hover=&#8221;|||&#8221;][et_pb_wc_title admin_label=&#8221;Woo Product Title&#8221; _builder_version=&#8221;4.16&#8243; header_level=&#8221;h2&#8243; header_font=&#8221;|600|||||||&#8221; header_line_height=&#8221;1.3em&#8221; custom_margin=&#8221;||0px||false|false&#8221; global_colors_info=&#8221;{}&#8221;][\/et_pb_wc_title][et_pb_wc_price admin_label=&#8221;Woo Price&#8221; _builder_version=&#8221;4.16&#8243; body_text_color=&#8221;#808080&#8243; body_font_size=&#8221;22px&#8221; before_sale_price_text_color=&#8221;#808080&#8243; before_sale_price_font_size=&#8221;20px&#8221; sale_price_font=&#8221;|600|||||||&#8221; sale_price_text_color=&#8221;#808080&#8243; sale_price_font_size=&#8221;22px&#8221; global_colors_info=&#8221;{}&#8221;][\/et_pb_wc_price][et_pb_wc_additional_info show_title=&#8221;off&#8221; _builder_version=&#8221;4.16&#8243; _module_preset=&#8221;default&#8221; body_font=&#8221;||||||||&#8221; global_colors_info=&#8221;{}&#8221;][\/et_pb_wc_additional_info][et_pb_wc_add_to_cart _builder_version=&#8221;4.16&#8243; global_colors_info=&#8221;{}&#8221;][\/et_pb_wc_add_to_cart][et_pb_wc_description admin_label=&#8221;Woo Product Description&#8221; _builder_version=&#8221;4.16&#8243; custom_margin=&#8221;||||false|false&#8221; custom_padding=&#8221;10px||||false|false&#8221; border_width_top=&#8221;1px&#8221; border_color_top=&#8221;#dadada&#8221; global_colors_info=&#8221;{}&#8221;][\/et_pb_wc_description][et_pb_wc_meta show_categories=&#8221;off&#8221; show_tags=&#8221;off&#8221; _builder_version=&#8221;4.16&#8243; global_colors_info=&#8221;{}&#8221;][\/et_pb_wc_meta][et_pb_text admin_label=&#8221;Text&#8221; _builder_version=&#8221;4.25.1&#8243; _module_preset=&#8221;default&#8221; header_5_font=&#8221;|700|||||||&#8221; header_5_text_color=&#8221;#000000&#8243; header_5_line_height=&#8221;1.3em&#8221; background_color=&#8221;#e2e2e2&#8243; custom_margin=&#8221;||0px||false|false&#8221; custom_padding=&#8221;20px|20px|10px|20px|false|false&#8221; global_colors_info=&#8221;{}&#8221;]<\/p>\n<h5>Atsiliepimai<\/h5>\n<p>[\/et_pb_text][et_pb_wc_reviews show_avatar=&#8221;off&#8221; show_count=&#8221;off&#8221; admin_label=&#8221;Woo Product Reviews&#8221; _builder_version=&#8221;4.25.1&#8243; _module_preset=&#8221;default&#8221; form_field_background_color=&#8221;#FFFFFF&#8221; form_field_focus_background_color=&#8221;#FFFFFF&#8221; title_font=&#8221;|600|||||||&#8221; title_text_color=&#8221;#000000&#8243; title_font_size=&#8221;16px&#8221; title_line_height=&#8221;1.3em&#8221; body_text_color=&#8221;#000000&#8243; body_line_height=&#8221;1.3em&#8221; form_field_font_size=&#8221;14px&#8221; form_field_line_height=&#8221;1.2em&#8221; background_color=&#8221;#f2f2f2&#8243; custom_margin=&#8221;||||false|false&#8221; custom_padding=&#8221;20px|20px|20px|20px|true|true&#8221; border_color_top=&#8221;#e2e2e2&#8243; global_colors_info=&#8221;{}&#8221;][\/et_pb_wc_reviews][\/et_pb_column][\/et_pb_row][\/et_pb_section]<\/p>\n","protected":false},"excerpt":{"rendered":"<h5 style=\"font-weight: 400;\">In Lei\u00ae \u201cFIX 2\u201d\u00a0\u00a0tai profesionalios Lash Filler sistemos antras \u017eingsnis.<\/h5>\n<h5 style=\"font-weight: 400;\">Fiksuojantis ir neutralizuojantis preparatas blakstienoms.<\/h5>\n<h5 style=\"font-weight: 400;\">Tobulai procentinio santykio at\u017evilgiu sukurta PH formul\u0117 u\u017etikrina stabil\u0173 darb\u0105 ir maksimali\u0105 s\u0105veik\u0105 su pirmu In Lei\u00ae \u201cFORM 1\u201d ir tre\u010diu blakstien\u0173 In Lei\u00ae \u201cFILLER 3\u201d preparatu, bei patvar\u0173 ir ilgalaik\u012f efekt\u0105.<\/h5>\n<h5 style=\"font-weight: 400;\">Jo kremin\u0117 konsistencija leid\u017eia tobulai paskirstyti produkt\u0105 tik ten, kur jo reikia, t. y. naudoti j\u012f taupiai.<\/h5>\n<h5 style=\"font-weight: 400;\">Klinikiniu po\u017ei\u016briu \u012frodytas veiksmingumas bendradarbiaujant su presti\u017einiu universiteto institutu.<\/h5>\n<h5>Po atidarymo laikyti 2 m\u0117n.<\/h5>\n<h5 style=\"font-weight: 400;\"><b><strong>100% pagaminta Italijoje;<br \/>\n<\/strong><\/b><\/h5>\n<h5 style=\"font-weight: 400;\">TIK PROFESIONALIAM NAUDOJIMUI.<\/h5>\n","protected":false},"featured_media":5681,"comment_status":"closed","ping_status":"closed","template":"","meta":{"_et_pb_use_builder":"on","_et_pb_old_content":"","_et_gb_content_width":""},"product_brand":[],"product_cat":[69,80],"product_tag":[],"class_list":{"0":"post-5677","1":"product","2":"type-product","3":"status-publish","4":"has-post-thumbnail","6":"product_cat-antakiai-blakstienos-2","7":"product_cat-laminavimas","9":"first","10":"instock","11":"shipping-taxable","12":"purchasable","13":"product-type-variable"},"_links":{"self":[{"href":"https:\/\/carla.lt\/en\/wp-json\/wp\/v2\/product\/5677","targetHints":{"allow":["GET"]}}],"collection":[{"href":"https:\/\/carla.lt\/en\/wp-json\/wp\/v2\/product"}],"about":[{"href":"https:\/\/carla.lt\/en\/wp-json\/wp\/v2\/types\/product"}],"replies":[{"embeddable":true,"href":"https:\/\/carla.lt\/en\/wp-json\/wp\/v2\/comments?post=5677"}],"wp:featuredmedia":[{"embeddable":true,"href":"https:\/\/carla.lt\/en\/wp-json\/wp\/v2\/media\/5681"}],"wp:attachment":[{"href":"https:\/\/carla.lt\/en\/wp-json\/wp\/v2\/media?parent=5677"}],"wp:term":[{"taxonomy":"product_brand","embeddable":true,"href":"https:\/\/carla.lt\/en\/wp-json\/wp\/v2\/product_brand?post=5677"},{"taxonomy":"product_cat","embeddable":true,"href":"https:\/\/carla.lt\/en\/wp-json\/wp\/v2\/product_cat?post=5677"},{"taxonomy":"product_tag","embeddable":true,"href":"https:\/\/carla.lt\/en\/wp-json\/wp\/v2\/product_tag?post=5677"}],"curies":[{"name":"wp","href":"https:\/\/api.w.org\/{rel}","templated":true}]}}