{"id":6663,"date":"2024-05-30T11:01:51","date_gmt":"2024-05-30T08:01:51","guid":{"rendered":"https:\/\/carla.lt\/?post_type=product&#038;p=6663"},"modified":"2024-05-30T11:03:00","modified_gmt":"2024-05-30T08:03:00","slug":"myhairvitamins-tepami-vitaminai-pazeistiems-plaukams-hair-protect-30x1ml","status":"publish","type":"product","link":"https:\/\/carla.lt\/en\/produktas\/myhairvitamins-tepami-vitaminai-pazeistiems-plaukams-hair-protect-30x1ml\/","title":{"rendered":"MYHAIRVITAMINS tepami vitaminai pa\u017eeistiems plaukams HAIR PROTECT, 30x1ml"},"content":{"rendered":"<p>MYHAIRVITAMINS tepami vitaminai pa\u017eeistiems plaukams HAIR PROTECT yra praturtinti<strong> keratino kompleksu, argan\u0173, jojobos, kamelij\u0173 aliejais bei A, C, E ir Pro B5 vitaminais. <\/strong><\/p>\n<p>Tai kasdienis plauk\u0173 serumas, skirtas akimirksniu padidinti plauk\u0173 blizges\u012f, suma\u017einti slinkim\u0105 ir l\u016b\u017ein\u0117jim\u0105, plaukai tampa \u0161velnesni ir stipresni.<\/p>\n<p>Praturtintas kamelij\u0173 aliejumi, \u017einomu d\u0117l savo dr\u0117kinan\u010di\u0173 ir maitinan\u010di\u0173 savybi\u0173, kuris prasiskverbia \u012f kiekvien\u0105 plauko sluoksn\u012f, atstato dr\u0117gm\u0119, skilin\u0117jan\u010dius galiukus, \u0161iurk\u0161tum\u0105 bei suma\u017eina \u017eal\u0105, kuri\u0105 sukelia tokie veiksniai kaip plauk\u0173 da\u017eymas, saul\u0117s ar formavimo priemoni\u0173 poveikis. Kamelij\u0173 aliejus sudaro dr\u0117kinam\u0105j\u012f ir \u0161ilkin\u012f apsaugin\u012f sluoksn\u012f.<\/p>\n<p>MYHAIRVITAMINS tepami vitaminai pa\u017eeistiems plaukams HAIR PROTECT taip pat sustiprina kiekvien\u0105 sruog\u0105, naudojant keratino formul\u0119, suma\u017einamas plauk\u0173 l\u016b\u017ein\u0117jimas ir galiuk\u0173 skilin\u0117jimas, tod\u0117l plaukai pastebimai sveikesni. Lengvina i\u0161\u0161ukavim\u0105, ma\u017eina elektrinim\u0105si.<\/p>\n<p><strong>Naudojimas:<\/strong><\/p>\n<p>Kapsul\u0117s turin\u012f u\u017etepkite ant i\u0161plaut\u0173, rank\u0161luos\u010diu nusausint\u0173 arba saus\u0173 plauk\u0173. Tepkite per vis\u0105 ilg\u012f arba tik plauk\u0173 galiukus. Plauk\u0173 \u0161akn\u0173 netepkite. Nereikia nuskalauti. PATARIMAS: dar stipresniam rezultatui pasiekti, naudokite pus\u0119 kapsul\u0117s ant dr\u0117gn\u0173 plauk\u0173, juos i\u0161d\u017eiovinkite ir likus\u012f serumo kiek\u012f u\u017etepkite ant saus\u0173 plauk\u0173.<\/p>\n<p><a href=\"https:\/\/shopbysiegel.com\/prekiu-zenklai\/myhairvitamins\/\" target=\"_blank\" rel=\"noopener\">MYHAIRVITAMINS<\/a> Stokholme \u012fsik\u016br\u0119s prek\u0117s \u017eenklas, kuriantis produktus plauk\u0173 puosel\u0117jimui ir prie\u017ei\u016brai. \u00a0J\u0173 kuriami produktai skirti kovoti su \u0161iuolaikinio gyvenimo b\u016bdo padariniais J\u016bs\u0173 plaukams. Produkcija praturtinta aliejais, karatinu, aminor\u016bg\u0161timis. Visa tai supakuota \u012f patogaus naudojimo, ekologi\u0161kas kapsules, kurias patogu ne tik naudoti namuose, bet ir pasiimti su savimi \u012f keliones.<\/p>\n<p>Prek\u0117s \u017eenklo misija \u2013 pateikti prabang\u0173, kokybi\u0161k\u0105 ir nat\u016braliai pagamint\u0105 produkt\u0105, kuris stiprina ir gr\u0105\u017eina J\u016bs\u0173 plaukus tiek i\u0161 vidaus, tiek i\u0161 i\u0161or\u0117s. Visi produktai pagaminti tik i\u0161 auk\u0161\u010diausios kokyb\u0117s ingredient\u0173, atitinkan\u010di\u0173 pasaulinius standartus.<\/p>\n<p>\u0160ie tepami vitaminai plaukams skirti j\u0173 atstatymui ir sustiprinimui. Praturtinti prabangiais aliejais, keratinu, aminor\u016bg\u0161timis.<\/p>\n","protected":false},"excerpt":{"rendered":"<p>MYHAIRVITAMINS tepami vitaminai pa\u017eeistiems plaukams HAIR PROTECT yra praturtinti keratino kompleksu, argan\u0173, jojobos, kamelij\u0173 aliejais bei A, C, E ir Pro B5 vitaminais. Tai kasdienis plauk\u0173 serumas, skirtas akimirksniu padidinti plauk\u0173 blizges\u012f, suma\u017einti slinkim\u0105 ir l\u016b\u017ein\u0117jim\u0105, plaukai tampa \u0161velnesni ir stipresni. Praturtintas kamelij\u0173 aliejumi, \u017einomu d\u0117l savo dr\u0117kinan\u010di\u0173 ir maitinan\u010di\u0173 savybi\u0173, kuris prasiskverbia \u012f kiekvien\u0105 [&hellip;]<\/p>\n","protected":false},"featured_media":6664,"comment_status":"open","ping_status":"closed","template":"","meta":{"_et_pb_use_builder":"","_et_pb_old_content":"","_et_gb_content_width":""},"product_brand":[],"product_cat":[65,1279,1282],"product_tag":[],"class_list":{"0":"post-6663","1":"product","2":"type-product","3":"status-publish","4":"has-post-thumbnail","6":"product_cat-e-parduotuve","7":"product_cat-grozis","8":"product_cat-plaukai","10":"first","11":"instock","12":"shipping-taxable","13":"purchasable","14":"product-type-simple"},"_links":{"self":[{"href":"https:\/\/carla.lt\/en\/wp-json\/wp\/v2\/product\/6663","targetHints":{"allow":["GET"]}}],"collection":[{"href":"https:\/\/carla.lt\/en\/wp-json\/wp\/v2\/product"}],"about":[{"href":"https:\/\/carla.lt\/en\/wp-json\/wp\/v2\/types\/product"}],"replies":[{"embeddable":true,"href":"https:\/\/carla.lt\/en\/wp-json\/wp\/v2\/comments?post=6663"}],"wp:featuredmedia":[{"embeddable":true,"href":"https:\/\/carla.lt\/en\/wp-json\/wp\/v2\/media\/6664"}],"wp:attachment":[{"href":"https:\/\/carla.lt\/en\/wp-json\/wp\/v2\/media?parent=6663"}],"wp:term":[{"taxonomy":"product_brand","embeddable":true,"href":"https:\/\/carla.lt\/en\/wp-json\/wp\/v2\/product_brand?post=6663"},{"taxonomy":"product_cat","embeddable":true,"href":"https:\/\/carla.lt\/en\/wp-json\/wp\/v2\/product_cat?post=6663"},{"taxonomy":"product_tag","embeddable":true,"href":"https:\/\/carla.lt\/en\/wp-json\/wp\/v2\/product_tag?post=6663"}],"curies":[{"name":"wp","href":"https:\/\/api.w.org\/{rel}","templated":true}]}}