{"id":6675,"date":"2024-05-30T11:10:13","date_gmt":"2024-05-30T08:10:13","guid":{"rendered":"https:\/\/carla.lt\/?post_type=product&#038;p=6675"},"modified":"2024-05-30T11:11:20","modified_gmt":"2024-05-30T08:11:20","slug":"6-zero-kauke-banguotiems-ir-garbanotiems-plaukams-define-curl-500-ml","status":"publish","type":"product","link":"https:\/\/carla.lt\/en\/produktas\/6-zero-kauke-banguotiems-ir-garbanotiems-plaukams-define-curl-500-ml\/","title":{"rendered":"6.ZERO kauk\u0117 banguotiems ir garbanotiems plaukams DEFINE CURL, 500 ml"},"content":{"rendered":"<p>6.ZERO kauk\u0117 DEFINE CURL skirta banguotiems ir garbanotiems plaukams. Tir\u0161ta ir intensyviai maitinanti strukt\u016bra dr\u0117kina plaukus bei padeda pa\u017eaboti net pa\u010dias mai\u0161tingiausias garbanas, suma\u017eindama j\u0173 pasip\u016btim\u0105. Kauk\u0117 plaukams suteikia elastingumo, ypatingo \u0161velnumo ir ry\u0161kumo..<\/p>\n<p>Keratinas \u2013 nat\u016braliai m\u016bs\u0173 organizme aptinkamas baltymas, kurio daugiausiai yra plaukuose ir naguose. \u0160is baltymas padeda palaikyti strukt\u016brin\u012f vientisum\u0105 tarp l\u0105steli\u0173, suteikia tvirtumo ir nepraleid\u017eia vandens. Produkte naudojamas hidrolizuotas keratinas (i\u0161gaunamas fermentin\u0117s hidroliz\u0117s b\u016bdu, kuomet didel\u0117 jo molekul\u0117 suskaidoma \u012f ma\u017eesnius fragmentus), o tai u\u017etikrina, kad plaukas j\u012f lengvai ir greitai absorbuos \u012f gilesnius sluoksnius ir plauko kutikul\u0119.<\/p>\n<p>Naudojimas: u\u017ed\u0117kite nedidel\u012f kauk\u0117s kiek\u012f ant \u0161amp\u016bnu i\u0161plaut\u0173 dr\u0117gn\u0173 plauk\u0173. 6.ZERO DEFINE CURL kauk\u0117 banguotiems ir garbanotiems plaukams tur\u0117t\u0173 b\u016bti tepama per vis\u0105 plauko ilg\u012f. Kauk\u0119 palikite kelioms minut\u0117ms. Kruop\u0161\u010diai i\u0161skalaukite.<\/p>\n<p>T\u016bris: 500 ml<\/p>\n<p>Geriausiam rezultatui pasiekti, naudokite kartu su <a href=\"https:\/\/shopbysiegel.com\/6-zero-sampunas-garbanotiems-plaukams-define-curl-1000-ml\/\" target=\"_blank\" rel=\"noopener\">6.ZERO \u0161amp\u016bnu banguotiems ir garbanotiems plaukams DEFINE CURL<\/a>.<\/p>\n<p>6.ZERO yra dar vienas pasaulyje gerai \u017einomos Italijos kompanijos Comprof prek\u0117s \u017eenklas. Visi 6.ZERO prek\u0117s \u017eenklo produktai yra nuolat tobulinami ir sukurti taip, kad pristatyt\u0173 naujausias rinkos tendencijas bei patenkint\u0173 gro\u017eio profesional\u0173 ir pa\u010di\u0173 reikliausi\u0173 klient\u0173 poreikius. Nuo \u0161iol Jums nebereikia ilgai galvoti ir ie\u0161koti geriausio produkto rinkoje, kadangi 6.ZERO technologai sujung\u0117 geriausias med\u017eiagas ir paruo\u0161\u0117 profesionalius produktus.<\/p>\n<p>M\u016bs\u0173 elektronin\u0117je parduotuv\u0117je rasite atrinktas prekes, kurios tinka tiek profesionaliam naudojimui gro\u017eio salonuose, tiek yra saugios naudoti namuose, tad su \u0161iais produktais i\u0161 ties\u0173 galite pasiekti rezultat\u0173 lyg k\u0105 tik po apsilankymo kirpykloje!<\/p>\n<p>Nuo formul\u0117s suk\u016brimo iki pakavimo, visi 6.ZERO produktai yra sukurti, pagaminti ir supakuoti Italijoje. Visa tai tam, kad b\u016bt\u0173 pasi\u016blyta geriausia made in Italy kokyb\u0117 J\u016bs\u0173 plauk\u0173 gro\u017eio ir j\u0173 sveikatos puosel\u0117jimui.<\/p>\n","protected":false},"excerpt":{"rendered":"<p>6.ZERO kauk\u0117 DEFINE CURL skirta banguotiems ir garbanotiems plaukams. Tir\u0161ta ir intensyviai maitinanti strukt\u016bra dr\u0117kina plaukus bei padeda pa\u017eaboti net pa\u010dias mai\u0161tingiausias garbanas, suma\u017eindama j\u0173 pasip\u016btim\u0105. Kauk\u0117 plaukams suteikia elastingumo, ypatingo \u0161velnumo ir ry\u0161kumo.. Keratinas \u2013 nat\u016braliai m\u016bs\u0173 organizme aptinkamas baltymas, kurio daugiausiai yra plaukuose ir naguose. \u0160is baltymas padeda palaikyti strukt\u016brin\u012f vientisum\u0105 tarp l\u0105steli\u0173, [&hellip;]<\/p>\n","protected":false},"featured_media":6676,"comment_status":"open","ping_status":"closed","template":"","meta":{"_et_pb_use_builder":"","_et_pb_old_content":"","_et_gb_content_width":""},"product_brand":[],"product_cat":[65,1279,1282],"product_tag":[],"class_list":{"0":"post-6675","1":"product","2":"type-product","3":"status-publish","4":"has-post-thumbnail","6":"product_cat-e-parduotuve","7":"product_cat-grozis","8":"product_cat-plaukai","10":"first","11":"instock","12":"shipping-taxable","13":"purchasable","14":"product-type-simple"},"_links":{"self":[{"href":"https:\/\/carla.lt\/en\/wp-json\/wp\/v2\/product\/6675","targetHints":{"allow":["GET"]}}],"collection":[{"href":"https:\/\/carla.lt\/en\/wp-json\/wp\/v2\/product"}],"about":[{"href":"https:\/\/carla.lt\/en\/wp-json\/wp\/v2\/types\/product"}],"replies":[{"embeddable":true,"href":"https:\/\/carla.lt\/en\/wp-json\/wp\/v2\/comments?post=6675"}],"wp:featuredmedia":[{"embeddable":true,"href":"https:\/\/carla.lt\/en\/wp-json\/wp\/v2\/media\/6676"}],"wp:attachment":[{"href":"https:\/\/carla.lt\/en\/wp-json\/wp\/v2\/media?parent=6675"}],"wp:term":[{"taxonomy":"product_brand","embeddable":true,"href":"https:\/\/carla.lt\/en\/wp-json\/wp\/v2\/product_brand?post=6675"},{"taxonomy":"product_cat","embeddable":true,"href":"https:\/\/carla.lt\/en\/wp-json\/wp\/v2\/product_cat?post=6675"},{"taxonomy":"product_tag","embeddable":true,"href":"https:\/\/carla.lt\/en\/wp-json\/wp\/v2\/product_tag?post=6675"}],"curies":[{"name":"wp","href":"https:\/\/api.w.org\/{rel}","templated":true}]}}