{"id":6684,"date":"2024-05-30T11:18:25","date_gmt":"2024-05-30T08:18:25","guid":{"rendered":"https:\/\/carla.lt\/?post_type=product&#038;p=6684"},"modified":"2024-05-30T11:19:20","modified_gmt":"2024-05-30T08:19:20","slug":"6-zero-sampunas-nepaklusniems-plaukams-perfect-smooth-300-ml","status":"publish","type":"product","link":"https:\/\/carla.lt\/en\/produktas\/6-zero-sampunas-nepaklusniems-plaukams-perfect-smooth-300-ml\/","title":{"rendered":"6.ZERO \u0161amp\u016bnas nepaklusniems plaukams PERFECT SMOOTH, 300 ml"},"content":{"rendered":"<p>6.ZERO \u0161amp\u016bnas PERFECT SMOOTH skirtas nepaklusniems ir besipu\u010diantiems plaukams. Jis valo nepa\u017eeisdamas hidrolipidinio plauk\u0173 sluoksnio ir padeda suvaldyti nepaklusnius plaukus. Jie akimirksniu tampa idealiai glotn\u016bs ir spindintys. Veikliosios med\u017eiagos ne tik \u0161velniai valo ir dr\u0117kina plaukus i\u0161 vidaus, bet ir juos glotnina. Jau po pirmo naudojimo plaukai tampa \u0161veln\u016bs it \u0161ilkas. Tobulas \u0161vyt\u0117jimas ir glotnumas!<\/p>\n<p>\u0160ilko proteinai \u2013 tai septyniolika amino rug\u0161\u010di\u0173, formuojan\u010di\u0173 plauko protein\u0105. \u0160ilko aminor\u016bg\u0161tys atkuria nat\u016bral\u0173 plauk\u0173 dr\u0117gm\u0117s balans\u0105, puikiai maitina ir stiprina plaukus bei suteikia nepakartojamo \u017evilgesio. Plaukai tampa nepaprastai glotn\u016bs, mink\u0161ti, lengvai formuojami, stipr\u016bs ir elastingi. Naudojant plauk\u0173 \u0161ilk\u0105, plaukai neapsunksta ir labiau blizga. Tai puiki apsaugin\u0117 priemon\u0117 nuo saul\u0117s, v\u0117jo ir vandens drusk\u0173.<\/p>\n<p>Naudojimas: nedidel\u012f kiek\u012f tepkite ant vandeniu sudr\u0117kint\u0173 plauk\u0173 bei galvos odos ir \u0161velniai \u012fmasa\u017euokite. Kruop\u0161\u010diai i\u0161skalaukite. Jei reikia \u2013 pakartokite. 6.ZERO \u0161amp\u016bnas nepaklusniems plaukams PERFECT SMOOTH gali b\u016bti naudojamas kiekvien\u0105 dien\u0105.<\/p>\n<p>T\u016bris: 300 ml<\/p>\n<p>Norint pasiekti maksimal\u0173 efekt\u0105, rekomenduojama papildomai naudoti\u00a0<a href=\"https:\/\/shopbysiegel.com\/6-zero-glotninanti-kauke-perfect-smooth-500-ml\/\" target=\"_blank\" rel=\"noopener\">6.ZERO kauk\u0119 nepaklusniems plaukams PERFECT SMOOTH<\/a>.<\/p>\n<h4>6.ZERO yra dar vienas pasaulyje gerai \u017einomos Italijos kompanijos Comprof prek\u0117s \u017eenklas.<\/h4>\n<p>Visi 6.ZERO prek\u0117s \u017eenklo produktai yra nuolat tobulinami ir sukurti taip, kad pristatyt\u0173 naujausias rinkos tendencijas bei patenkint\u0173 gro\u017eio profesional\u0173 ir pa\u010di\u0173 reikliausi\u0173 klient\u0173 poreikius. Nuo \u0161iol Jums nebereikia ilgai galvoti ir ie\u0161koti geriausio produkto rinkoje, kadangi 6.ZERO technologai sujung\u0117 geriausias med\u017eiagas ir paruo\u0161\u0117 profesionalius produktus.<\/p>\n<p>M\u016bs\u0173 elektronin\u0117je parduotuv\u0117je rasite atrinktas prekes, kurios tinka tiek profesionaliam naudojimui gro\u017eio salonuose, tiek yra saugios naudoti namuose, tad su \u0161iais produktais i\u0161 ties\u0173 galite pasiekti rezultat\u0173 lyg k\u0105 tik po apsilankymo kirpykloje!<\/p>\n<p>Nuo formul\u0117s suk\u016brimo iki pakavimo, visi 6.ZERO produktai yra sukurti, pagaminti ir supakuoti Italijoje. Visa tai tam, kad b\u016bt\u0173 pasi\u016blyta geriausia made in Italy kokyb\u0117 J\u016bs\u0173 plauk\u0173 gro\u017eio ir j\u0173 sveikatos puosel\u0117jimui.<\/p>\n","protected":false},"excerpt":{"rendered":"<p>6.ZERO \u0161amp\u016bnas PERFECT SMOOTH skirtas nepaklusniems ir besipu\u010diantiems plaukams. Jis valo nepa\u017eeisdamas hidrolipidinio plauk\u0173 sluoksnio ir padeda suvaldyti nepaklusnius plaukus. Jie akimirksniu tampa idealiai glotn\u016bs ir spindintys. Veikliosios med\u017eiagos ne tik \u0161velniai valo ir dr\u0117kina plaukus i\u0161 vidaus, bet ir juos glotnina. Jau po pirmo naudojimo plaukai tampa \u0161veln\u016bs it \u0161ilkas. Tobulas \u0161vyt\u0117jimas ir glotnumas! [&hellip;]<\/p>\n","protected":false},"featured_media":6685,"comment_status":"open","ping_status":"closed","template":"","meta":{"_et_pb_use_builder":"","_et_pb_old_content":"","_et_gb_content_width":""},"product_brand":[],"product_cat":[65,1279,1282],"product_tag":[],"class_list":{"0":"post-6684","1":"product","2":"type-product","3":"status-publish","4":"has-post-thumbnail","6":"product_cat-e-parduotuve","7":"product_cat-grozis","8":"product_cat-plaukai","10":"first","11":"instock","12":"shipping-taxable","13":"purchasable","14":"product-type-simple"},"_links":{"self":[{"href":"https:\/\/carla.lt\/en\/wp-json\/wp\/v2\/product\/6684","targetHints":{"allow":["GET"]}}],"collection":[{"href":"https:\/\/carla.lt\/en\/wp-json\/wp\/v2\/product"}],"about":[{"href":"https:\/\/carla.lt\/en\/wp-json\/wp\/v2\/types\/product"}],"replies":[{"embeddable":true,"href":"https:\/\/carla.lt\/en\/wp-json\/wp\/v2\/comments?post=6684"}],"wp:featuredmedia":[{"embeddable":true,"href":"https:\/\/carla.lt\/en\/wp-json\/wp\/v2\/media\/6685"}],"wp:attachment":[{"href":"https:\/\/carla.lt\/en\/wp-json\/wp\/v2\/media?parent=6684"}],"wp:term":[{"taxonomy":"product_brand","embeddable":true,"href":"https:\/\/carla.lt\/en\/wp-json\/wp\/v2\/product_brand?post=6684"},{"taxonomy":"product_cat","embeddable":true,"href":"https:\/\/carla.lt\/en\/wp-json\/wp\/v2\/product_cat?post=6684"},{"taxonomy":"product_tag","embeddable":true,"href":"https:\/\/carla.lt\/en\/wp-json\/wp\/v2\/product_tag?post=6684"}],"curies":[{"name":"wp","href":"https:\/\/api.w.org\/{rel}","templated":true}]}}