{"id":6690,"date":"2024-05-30T11:23:12","date_gmt":"2024-05-30T08:23:12","guid":{"rendered":"https:\/\/carla.lt\/?post_type=product&#038;p=6690"},"modified":"2024-05-30T11:23:59","modified_gmt":"2024-05-30T08:23:59","slug":"6-zero-kauke-nepaklusniems-plaukams-perfect-smooth-300-ml","status":"publish","type":"product","link":"https:\/\/carla.lt\/en\/produktas\/6-zero-kauke-nepaklusniems-plaukams-perfect-smooth-300-ml\/","title":{"rendered":"6.ZERO kauk\u0117 nepaklusniems plaukams PERFECT SMOOTH, 300 ml"},"content":{"rendered":"<p>6.ZERO kauk\u0117 PERFECT SMOOTH skirta nepaklusniems plaukams, idealiai \u0161velnina plaukus bei padaro juos blizgan\u010dius. Reguliariai naudojant pastebimas akivaizd\u017eiai suma\u017e\u0117j\u0119s plauk\u0173 slinkimas. Kauk\u0117 idealiai tinka nepaklusni\u0173 ir sunkiai formuojam\u0173 plauk\u0173 prie\u017ei\u016brai.<\/p>\n<p>\u0160ilko proteinai \u2013 tai septyniolika amino rug\u0161\u010di\u0173, formuojan\u010di\u0173 plauko protein\u0105. \u0160ilko aminor\u016bg\u0161tys atkuria nat\u016bral\u0173 plauk\u0173 dr\u0117gm\u0117s balans\u0105, puikiai maitina ir stiprina plaukus bei suteikia nepakartojamo \u017evilgesio. Plaukai tampa nepaprastai glotn\u016bs, mink\u0161ti, lengvai formuojami, stipr\u016bs ir elastingi. Naudojant plauk\u0173 \u0161ilk\u0105, plaukai neapsunksta ir labiau blizga. Tai puiki apsaugin\u0117 priemon\u0117 nuo saul\u0117s, v\u0117jo ir vandens drusk\u0173.<\/p>\n<p>Naudojimas: u\u017ed\u0117kite nedidel\u012f kauk\u0117s kiek\u012f ant \u0161amp\u016bnu i\u0161plaut\u0173 dr\u0117gn\u0173 plauk\u0173. 6.ZERO PERFECT SMOOTH glotninanti kauk\u0117 tur\u0117t\u0173 b\u016bti tepama per vis\u0105 plauko ilg\u012f. Kauk\u0119 palikite kelioms minut\u0117ms. Kruop\u0161\u010diai i\u0161skalaukite.<\/p>\n<p>T\u016bris: 300 ml<\/p>\n<p>Geriausiam rezultatui pasiekti, naudokite kartu su <a href=\"https:\/\/shopbysiegel.com\/6-zero-glotninantis-sampunas-perfect-smooth-1000-ml\/\" target=\"_blank\" rel=\"noopener\">6.ZERO \u0161amp\u016bnu nepaklusniems plaukams PERFECT SMOOTH<\/a>.<\/p>\n<h4>6.ZERO yra dar vienas pasaulyje gerai \u017einomos Italijos kompanijos Comprof prek\u0117s \u017eenklas.<\/h4>\n<p>Visi 6.ZERO prek\u0117s \u017eenklo produktai yra nuolat tobulinami ir sukurti taip, kad pristatyt\u0173 naujausias rinkos tendencijas bei patenkint\u0173 gro\u017eio profesional\u0173 ir pa\u010di\u0173 reikliausi\u0173 klient\u0173 poreikius. Nuo \u0161iol Jums nebereikia ilgai galvoti ir ie\u0161koti geriausio produkto rinkoje, kadangi 6.ZERO technologai sujung\u0117 geriausias med\u017eiagas ir paruo\u0161\u0117 profesionalius produktus.<\/p>\n<p>M\u016bs\u0173 elektronin\u0117je parduotuv\u0117je rasite atrinktas prekes, kurios tinka tiek profesionaliam naudojimui gro\u017eio salonuose, tiek yra saugios naudoti namuose, tad su \u0161iais produktais i\u0161 ties\u0173 galite pasiekti rezultat\u0173 lyg k\u0105 tik po apsilankymo kirpykloje!<\/p>\n<p>Nuo formul\u0117s suk\u016brimo iki pakavimo, visi 6.ZERO produktai yra sukurti, pagaminti ir supakuoti Italijoje. Visa tai tam, kad b\u016bt\u0173 pasi\u016blyta geriausia made in Italy kokyb\u0117 J\u016bs\u0173 plauk\u0173 gro\u017eio ir j\u0173 sveikatos puosel\u0117jimui.<\/p>\n","protected":false},"excerpt":{"rendered":"<p>6.ZERO kauk\u0117 PERFECT SMOOTH skirta nepaklusniems plaukams, idealiai \u0161velnina plaukus bei padaro juos blizgan\u010dius. Reguliariai naudojant pastebimas akivaizd\u017eiai suma\u017e\u0117j\u0119s plauk\u0173 slinkimas. Kauk\u0117 idealiai tinka nepaklusni\u0173 ir sunkiai formuojam\u0173 plauk\u0173 prie\u017ei\u016brai. \u0160ilko proteinai \u2013 tai septyniolika amino rug\u0161\u010di\u0173, formuojan\u010di\u0173 plauko protein\u0105. \u0160ilko aminor\u016bg\u0161tys atkuria nat\u016bral\u0173 plauk\u0173 dr\u0117gm\u0117s balans\u0105, puikiai maitina ir stiprina plaukus bei suteikia nepakartojamo [&hellip;]<\/p>\n","protected":false},"featured_media":6691,"comment_status":"open","ping_status":"closed","template":"","meta":{"_et_pb_use_builder":"","_et_pb_old_content":"","_et_gb_content_width":""},"product_brand":[],"product_cat":[65,1279,1282],"product_tag":[],"class_list":{"0":"post-6690","1":"product","2":"type-product","3":"status-publish","4":"has-post-thumbnail","6":"product_cat-e-parduotuve","7":"product_cat-grozis","8":"product_cat-plaukai","10":"first","11":"instock","12":"shipping-taxable","13":"purchasable","14":"product-type-simple"},"_links":{"self":[{"href":"https:\/\/carla.lt\/en\/wp-json\/wp\/v2\/product\/6690","targetHints":{"allow":["GET"]}}],"collection":[{"href":"https:\/\/carla.lt\/en\/wp-json\/wp\/v2\/product"}],"about":[{"href":"https:\/\/carla.lt\/en\/wp-json\/wp\/v2\/types\/product"}],"replies":[{"embeddable":true,"href":"https:\/\/carla.lt\/en\/wp-json\/wp\/v2\/comments?post=6690"}],"wp:featuredmedia":[{"embeddable":true,"href":"https:\/\/carla.lt\/en\/wp-json\/wp\/v2\/media\/6691"}],"wp:attachment":[{"href":"https:\/\/carla.lt\/en\/wp-json\/wp\/v2\/media?parent=6690"}],"wp:term":[{"taxonomy":"product_brand","embeddable":true,"href":"https:\/\/carla.lt\/en\/wp-json\/wp\/v2\/product_brand?post=6690"},{"taxonomy":"product_cat","embeddable":true,"href":"https:\/\/carla.lt\/en\/wp-json\/wp\/v2\/product_cat?post=6690"},{"taxonomy":"product_tag","embeddable":true,"href":"https:\/\/carla.lt\/en\/wp-json\/wp\/v2\/product_tag?post=6690"}],"curies":[{"name":"wp","href":"https:\/\/api.w.org\/{rel}","templated":true}]}}