{"id":6699,"date":"2024-05-30T14:54:21","date_gmt":"2024-05-30T11:54:21","guid":{"rendered":"https:\/\/carla.lt\/?post_type=product&#038;p=6699"},"modified":"2024-05-30T14:55:42","modified_gmt":"2024-05-30T11:55:42","slug":"6-zero-kauke-silpniems-ir-ploniems-plaukams-full-expand-500-ml","status":"publish","type":"product","link":"https:\/\/carla.lt\/en\/produktas\/6-zero-kauke-silpniems-ir-ploniems-plaukams-full-expand-500-ml\/","title":{"rendered":"6.ZERO kauk\u0117 silpniems ir ploniems plaukams FULL EXPAND, 500 ml"},"content":{"rendered":"<p>6.ZERO kauk\u0117 silpniems ir ploniems plaukams FULL EXPAND skirta pa\u017eeistiems plaukams. Inovatyvi produkto formul\u0117 suteikia apimties plauk\u0173 pluo\u0161tui, nuo \u0161akn\u0173 iki galiuk\u0173. Rezultatai yra akivaizd\u017eiai matomi jau po pirmojo naudojimo \u2013 plaukai akimirksniu tampa sunkesni, \u012ftr\u016bkimai u\u017epildomi veikliosiomis med\u017eiagomis, o lie\u010diant jie \u0161veln\u016bs it \u0161ilkas. \u0160iam efektui sukurti naudojamas juod\u0173j\u0173 avi\u017e\u0173 ekstraktas.<\/p>\n<p>Juod\u0173j\u0173 avi\u017e\u0173 ekstraktas \u2013 kosmetikoje atlieka daugyb\u0119 funkcij\u0173 \u2013 tai mink\u0161tiklis, maitinanti, apsaugin\u0117 ir regeneruojanti priemon\u0117, prie\u0161u\u017edegiminis ir dr\u0117kinantis elementas, pasi\u017eymintis ry\u0161kiomis antioksidacin\u0117mis savyb\u0117mis. D\u0117l raminamojo poveikio avi\u017eos gerai veikia sudirgusi\u0105 ir u\u017edegimo pa\u017eeist\u0105 od\u0105, j\u0105 ramina, ma\u017eina pleiskanojim\u0105. Be to, avi\u017eose yra vertingojo beta gliukano, kuris odai padeda susidoroti su i\u0161oriniais dirgikliais \u2013 \u0161al\u010diu, kar\u0161\u010diu, patalp\u0173 sausra, miesto smogu.<\/p>\n<p>Naudojimas: u\u017ed\u0117kite nedidel\u012f kauk\u0117s kiek\u012f ant \u0161amp\u016bnu i\u0161plaut\u0173 dr\u0117gn\u0173 plauk\u0173. 6.ZERO kauk\u0117 silpniems ir ploniems plaukams pa\u017eeistiems plaukams tur\u0117t\u0173 b\u016bti tepama per vis\u0105 plauko ilg\u012f. Kauk\u0119 palikite kelioms minut\u0117ms. Kruop\u0161\u010diai i\u0161skalaukite.<\/p>\n<p>T\u016bris: 500 ml<\/p>\n<p>Geriausiam rezultatui pasiekti, naudokite kartu su <a href=\"https:\/\/shopbysiegel.com\/6-zero-sampunas-pazeistiems-plaukams-full-expand-1000-ml\/\" target=\"_blank\" rel=\"noopener\">6.ZERO FULL EXPAND \u0161amp\u016bnu pa\u017eeistiems plaukams<\/a>.<\/p>\n<h4>6.ZERO yra dar vienas pasaulyje gerai \u017einomos Italijos kompanijos Comprof prek\u0117s \u017eenklas.<\/h4>\n<p>Visi 6.ZERO prek\u0117s \u017eenklo produktai yra nuolat tobulinami ir sukurti taip, kad pristatyt\u0173 naujausias rinkos tendencijas bei patenkint\u0173 gro\u017eio profesional\u0173 ir pa\u010di\u0173 reikliausi\u0173 klient\u0173 poreikius. Nuo \u0161iol Jums nebereikia ilgai galvoti ir ie\u0161koti geriausio produkto rinkoje, kadangi 6.ZERO technologai sujung\u0117 geriausias med\u017eiagas ir paruo\u0161\u0117 profesionalius produktus.<\/p>\n<p>M\u016bs\u0173 elektronin\u0117je parduotuv\u0117je rasite atrinktas prekes, kurios tinka tiek profesionaliam naudojimui gro\u017eio salonuose, tiek yra saugios naudoti namuose, tad su \u0161iais produktais i\u0161 ties\u0173 galite pasiekti rezultat\u0173 lyg k\u0105 tik po apsilankymo kirpykloje!<\/p>\n<p>Nuo formul\u0117s suk\u016brimo iki pakavimo, visi 6.ZERO produktai yra sukurti, pagaminti ir supakuoti Italijoje. Visa tai tam, kad b\u016bt\u0173 pasi\u016blyta geriausia made in Italy kokyb\u0117 J\u016bs\u0173 plauk\u0173 gro\u017eio ir j\u0173 sveikatos puosel\u0117jimui.<\/p>\n","protected":false},"excerpt":{"rendered":"<p>6.ZERO kauk\u0117 silpniems ir ploniems plaukams FULL EXPAND skirta pa\u017eeistiems plaukams. Inovatyvi produkto formul\u0117 suteikia apimties plauk\u0173 pluo\u0161tui, nuo \u0161akn\u0173 iki galiuk\u0173. Rezultatai yra akivaizd\u017eiai matomi jau po pirmojo naudojimo \u2013 plaukai akimirksniu tampa sunkesni, \u012ftr\u016bkimai u\u017epildomi veikliosiomis med\u017eiagomis, o lie\u010diant jie \u0161veln\u016bs it \u0161ilkas. \u0160iam efektui sukurti naudojamas juod\u0173j\u0173 avi\u017e\u0173 ekstraktas. Juod\u0173j\u0173 avi\u017e\u0173 ekstraktas [&hellip;]<\/p>\n","protected":false},"featured_media":6700,"comment_status":"open","ping_status":"closed","template":"","meta":{"_et_pb_use_builder":"","_et_pb_old_content":"","_et_gb_content_width":""},"product_brand":[],"product_cat":[65,1279,1282],"product_tag":[],"class_list":{"0":"post-6699","1":"product","2":"type-product","3":"status-publish","4":"has-post-thumbnail","6":"product_cat-e-parduotuve","7":"product_cat-grozis","8":"product_cat-plaukai","10":"first","11":"instock","12":"shipping-taxable","13":"purchasable","14":"product-type-simple"},"_links":{"self":[{"href":"https:\/\/carla.lt\/en\/wp-json\/wp\/v2\/product\/6699","targetHints":{"allow":["GET"]}}],"collection":[{"href":"https:\/\/carla.lt\/en\/wp-json\/wp\/v2\/product"}],"about":[{"href":"https:\/\/carla.lt\/en\/wp-json\/wp\/v2\/types\/product"}],"replies":[{"embeddable":true,"href":"https:\/\/carla.lt\/en\/wp-json\/wp\/v2\/comments?post=6699"}],"wp:featuredmedia":[{"embeddable":true,"href":"https:\/\/carla.lt\/en\/wp-json\/wp\/v2\/media\/6700"}],"wp:attachment":[{"href":"https:\/\/carla.lt\/en\/wp-json\/wp\/v2\/media?parent=6699"}],"wp:term":[{"taxonomy":"product_brand","embeddable":true,"href":"https:\/\/carla.lt\/en\/wp-json\/wp\/v2\/product_brand?post=6699"},{"taxonomy":"product_cat","embeddable":true,"href":"https:\/\/carla.lt\/en\/wp-json\/wp\/v2\/product_cat?post=6699"},{"taxonomy":"product_tag","embeddable":true,"href":"https:\/\/carla.lt\/en\/wp-json\/wp\/v2\/product_tag?post=6699"}],"curies":[{"name":"wp","href":"https:\/\/api.w.org\/{rel}","templated":true}]}}