{"id":6703,"date":"2024-05-30T14:57:19","date_gmt":"2024-05-30T11:57:19","guid":{"rendered":"https:\/\/carla.lt\/?post_type=product&#038;p=6703"},"modified":"2024-05-30T14:58:42","modified_gmt":"2024-05-30T11:58:42","slug":"6-zero-purskiklis-silpniems-ir-ploniems-plaukams-full-expand-150-ml","status":"publish","type":"product","link":"https:\/\/carla.lt\/en\/produktas\/6-zero-purskiklis-silpniems-ir-ploniems-plaukams-full-expand-150-ml\/","title":{"rendered":"6.ZERO pur\u0161kiklis silpniems ir ploniems plaukams FULL EXPAND, 150 ml"},"content":{"rendered":"<p>6.ZERO pur\u0161kiklis FULL EXPAND skirtas pa\u017eeistiems plaukams. Idealiai tinka siekiant suteikti plaukams apimties ir pasip\u016btimo nuo \u0161akn\u0173, tuo pa\u010diu j\u0173 neapsunkinant. Tai tikras i\u0161sigelb\u0117jimas pa\u017eeist\u0173 plauk\u0173 savinink\u0117ms, siekian\u010dios susikurti nepriekai\u0161ting\u0105 \u012fvaizd\u012f.<\/p>\n<p>Juod\u0173j\u0173 avi\u017e\u0173 ekstraktas \u2013 kosmetikoje atlieka daugyb\u0119 funkcij\u0173 \u2013 tai mink\u0161tiklis, maitinanti, apsaugin\u0117 ir regeneruojanti priemon\u0117, prie\u0161u\u017edegiminis ir dr\u0117kinantis elementas, pasi\u017eymintis ry\u0161kiomis antioksidacin\u0117mis savyb\u0117mis. D\u0117l raminamojo poveikio avi\u017eos gerai veikia sudirgusi\u0105 ir u\u017edegimo pa\u017eeist\u0105 od\u0105, j\u0105 ramina, ma\u017eina pleiskanojim\u0105. Be to, avi\u017eose yra vertingojo beta gliukano, kuris odai padeda susidoroti su i\u0161oriniais dirgikliais \u2013 \u0161al\u010diu, kar\u0161\u010diu, patalp\u0173 sausra, miesto smogu.<\/p>\n<p>Naudojimas: puk\u0161kite per vis\u0105 plauko ilg\u012f, pradedant nuo \u0161akn\u0173, ant \u0161vari\u0173 ir rank\u0161luo\u0161\u010diu nusausint\u0173 plauk\u0173. Toliau formuokite kaip \u012fprasta. 6.ZERO pur\u0161kiklis pa\u017eeistiems plaukams FULL EXPAND gali b\u016bti naudojamas po kiekvieno plovimo.<\/p>\n<p>T\u016bris: 150 ml<\/p>\n<p>Geriausiam rezultatui pasiekti, naudokite kartu su <a href=\"https:\/\/shopbysiegel.com\/kita\/6-zero-full-expand\/\" target=\"_blank\" rel=\"noopener\">6.ZERO FULL EXPAND \u0161amp\u016bnu bei kauke<\/a> pa\u017eeistiems plaukams.<\/p>\n<p>6.ZERO yra dar vienas pasaulyje gerai \u017einomos Italijos kompanijos Comprof prek\u0117s \u017eenklas. Visi 6.ZERO prek\u0117s \u017eenklo produktai yra nuolat tobulinami ir sukurti taip, kad pristatyt\u0173 naujausias rinkos tendencijas bei patenkint\u0173 gro\u017eio profesional\u0173 ir pa\u010di\u0173 reikliausi\u0173 klient\u0173 poreikius. Nuo \u0161iol Jums nebereikia ilgai galvoti ir ie\u0161koti geriausio produkto rinkoje, kadangi 6.ZERO technologai sujung\u0117 geriausias med\u017eiagas ir paruo\u0161\u0117 profesionalius produktus.<\/p>\n<p>M\u016bs\u0173 elektronin\u0117je parduotuv\u0117je rasite atrinktas prekes, kurios tinka tiek profesionaliam naudojimui gro\u017eio salonuose, tiek yra saugios naudoti namuose, tad su \u0161iais produktais i\u0161 ties\u0173 galite pasiekti rezultat\u0173 lyg k\u0105 tik po apsilankymo kirpykloje!<\/p>\n<p>Nuo formul\u0117s suk\u016brimo iki pakavimo, visi 6.ZERO produktai yra sukurti, pagaminti ir supakuoti Italijoje. Visa tai tam, kad b\u016bt\u0173 pasi\u016blyta geriausia made in Italy kokyb\u0117 J\u016bs\u0173 plauk\u0173 gro\u017eio ir j\u0173 sveikatos puosel\u0117jimui.<\/p>\n","protected":false},"excerpt":{"rendered":"<p>6.ZERO pur\u0161kiklis FULL EXPAND skirtas pa\u017eeistiems plaukams. Idealiai tinka siekiant suteikti plaukams apimties ir pasip\u016btimo nuo \u0161akn\u0173, tuo pa\u010diu j\u0173 neapsunkinant. Tai tikras i\u0161sigelb\u0117jimas pa\u017eeist\u0173 plauk\u0173 savinink\u0117ms, siekian\u010dios susikurti nepriekai\u0161ting\u0105 \u012fvaizd\u012f. Juod\u0173j\u0173 avi\u017e\u0173 ekstraktas \u2013 kosmetikoje atlieka daugyb\u0119 funkcij\u0173 \u2013 tai mink\u0161tiklis, maitinanti, apsaugin\u0117 ir regeneruojanti priemon\u0117, prie\u0161u\u017edegiminis ir dr\u0117kinantis elementas, pasi\u017eymintis ry\u0161kiomis antioksidacin\u0117mis savyb\u0117mis. [&hellip;]<\/p>\n","protected":false},"featured_media":6704,"comment_status":"open","ping_status":"closed","template":"","meta":{"_et_pb_use_builder":"","_et_pb_old_content":"","_et_gb_content_width":""},"product_brand":[],"product_cat":[65,1279,1282],"product_tag":[],"class_list":{"0":"post-6703","1":"product","2":"type-product","3":"status-publish","4":"has-post-thumbnail","6":"product_cat-e-parduotuve","7":"product_cat-grozis","8":"product_cat-plaukai","10":"first","11":"instock","12":"shipping-taxable","13":"purchasable","14":"product-type-simple"},"_links":{"self":[{"href":"https:\/\/carla.lt\/en\/wp-json\/wp\/v2\/product\/6703","targetHints":{"allow":["GET"]}}],"collection":[{"href":"https:\/\/carla.lt\/en\/wp-json\/wp\/v2\/product"}],"about":[{"href":"https:\/\/carla.lt\/en\/wp-json\/wp\/v2\/types\/product"}],"replies":[{"embeddable":true,"href":"https:\/\/carla.lt\/en\/wp-json\/wp\/v2\/comments?post=6703"}],"wp:featuredmedia":[{"embeddable":true,"href":"https:\/\/carla.lt\/en\/wp-json\/wp\/v2\/media\/6704"}],"wp:attachment":[{"href":"https:\/\/carla.lt\/en\/wp-json\/wp\/v2\/media?parent=6703"}],"wp:term":[{"taxonomy":"product_brand","embeddable":true,"href":"https:\/\/carla.lt\/en\/wp-json\/wp\/v2\/product_brand?post=6703"},{"taxonomy":"product_cat","embeddable":true,"href":"https:\/\/carla.lt\/en\/wp-json\/wp\/v2\/product_cat?post=6703"},{"taxonomy":"product_tag","embeddable":true,"href":"https:\/\/carla.lt\/en\/wp-json\/wp\/v2\/product_tag?post=6703"}],"curies":[{"name":"wp","href":"https:\/\/api.w.org\/{rel}","templated":true}]}}