{"id":716,"date":"2021-07-20T13:47:30","date_gmt":"2021-07-20T10:47:30","guid":{"rendered":"https:\/\/carla.lt\/?post_type=product&#038;p=716"},"modified":"2024-08-27T18:51:50","modified_gmt":"2024-08-27T15:51:50","slug":"pharm-foot-suskeldejusiu-ir-siurksciu-pedu-kremas-dermo-refiller","status":"publish","type":"product","link":"https:\/\/carla.lt\/en\/produktas\/pharm-foot-suskeldejusiu-ir-siurksciu-pedu-kremas-dermo-refiller\/","title":{"rendered":"\u201ePharm foot\u201c antibakterinis ir antimikrobinis pur\u0161kalas ,,Septi starter&#8221;"},"content":{"rendered":"<p>[et_pb_section fb_built=&#8221;1&#8243; _builder_version=&#8221;3.22&#8243; custom_padding=&#8221;0px||||false|false&#8221; global_module=&#8221;594&#8243; saved_tabs=&#8221;all&#8221; collapsed=&#8221;off&#8221; global_colors_info=&#8221;{}&#8221;][et_pb_row _builder_version=&#8221;4.16&#8243; background_size=&#8221;initial&#8221; background_position=&#8221;top_left&#8221; background_repeat=&#8221;repeat&#8221; width=&#8221;100%&#8221; custom_padding=&#8221;0px||0px||false|false&#8221; global_colors_info=&#8221;{}&#8221;][et_pb_column type=&#8221;4_4&#8243; _builder_version=&#8221;4.16&#8243; custom_padding=&#8221;|||&#8221; global_colors_info=&#8221;{}&#8221; custom_padding__hover=&#8221;|||&#8221;][et_pb_wc_breadcrumb _builder_version=&#8221;4.16&#8243; global_colors_info=&#8221;{}&#8221;][\/et_pb_wc_breadcrumb][et_pb_wc_cart_notice _builder_version=&#8221;4.16&#8243; global_colors_info=&#8221;{}&#8221;][\/et_pb_wc_cart_notice][\/et_pb_column][\/et_pb_row][et_pb_row column_structure=&#8221;2_5,3_5&#8243; admin_label=&#8221;Row&#8221; _builder_version=&#8221;4.16&#8243; background_size=&#8221;initial&#8221; background_position=&#8221;top_left&#8221; background_repeat=&#8221;repeat&#8221; width=&#8221;100%&#8221; custom_padding=&#8221;0px||||false|false&#8221; collapsed=&#8221;off&#8221; global_colors_info=&#8221;{}&#8221;][et_pb_column type=&#8221;2_5&#8243; _builder_version=&#8221;4.16&#8243; custom_padding=&#8221;|||&#8221; global_colors_info=&#8221;{}&#8221; custom_padding__hover=&#8221;|||&#8221;][et_pb_wc_images show_sale_badge=&#8221;off&#8221; _builder_version=&#8221;4.16&#8243; global_colors_info=&#8221;{}&#8221;][\/et_pb_wc_images][\/et_pb_column][et_pb_column type=&#8221;3_5&#8243; _builder_version=&#8221;4.16&#8243; custom_padding=&#8221;|||&#8221; global_colors_info=&#8221;{}&#8221; custom_padding__hover=&#8221;|||&#8221;][et_pb_wc_title _builder_version=&#8221;4.16&#8243; header_level=&#8221;h2&#8243; header_font=&#8221;|600|||||||&#8221; header_line_height=&#8221;1.3em&#8221; custom_margin=&#8221;||0px||false|false&#8221; global_colors_info=&#8221;{}&#8221;][\/et_pb_wc_title][et_pb_wc_price admin_label=&#8221;Woo Price&#8221; _builder_version=&#8221;4.16&#8243; body_text_color=&#8221;#808080&#8243; body_font_size=&#8221;22px&#8221; before_sale_price_text_color=&#8221;#808080&#8243; before_sale_price_font_size=&#8221;20px&#8221; sale_price_font=&#8221;|600|||||||&#8221; sale_price_text_color=&#8221;#808080&#8243; sale_price_font_size=&#8221;22px&#8221; global_colors_info=&#8221;{}&#8221;][\/et_pb_wc_price][et_pb_wc_additional_info show_title=&#8221;off&#8221; _builder_version=&#8221;4.16&#8243; _module_preset=&#8221;default&#8221; body_font=&#8221;||||||||&#8221; global_colors_info=&#8221;{}&#8221;][\/et_pb_wc_additional_info][et_pb_wc_add_to_cart _builder_version=&#8221;4.16&#8243; global_colors_info=&#8221;{}&#8221;][\/et_pb_wc_add_to_cart][et_pb_wc_description _builder_version=&#8221;4.16&#8243; custom_margin=&#8221;||||false|false&#8221; custom_padding=&#8221;10px||||false|false&#8221; border_width_top=&#8221;1px&#8221; border_color_top=&#8221;#dadada&#8221; global_colors_info=&#8221;{}&#8221;][\/et_pb_wc_description][et_pb_wc_meta show_categories=&#8221;off&#8221; show_tags=&#8221;off&#8221; _builder_version=&#8221;4.16&#8243; global_colors_info=&#8221;{}&#8221;][\/et_pb_wc_meta][\/et_pb_column][\/et_pb_row][\/et_pb_section]<\/p>\n","protected":false},"excerpt":{"rendered":"<p>ALL IN\u00a0<strong>LINIJA<\/strong><\/p>\n<p>Profesionali linija skirta p\u0117d\u0173 prie\u017ei\u016brai. \u0160i linija apjungia efektyviausius ingredientus, naudojamus podologijoje (kolagenas, taukmed\u017eio sviestas, AHA r\u016bg\u0161tys, pantenolis). Ne tik\u00a0pamaitina ir atgaivinti od\u0105, bet ir padeda palaikyti ger\u0105j\u012f \u012fdirb\u012f (mink\u0161tina, \u0161alina nuospaudas, regeneruoja, gaivina).<\/p>\n<p>SKIRTA:<\/p>\n<ul>\n<li>pur\u0161kalas kojoms gaivinti ir dezinfekuoti<\/li>\n<li>tinka diabetikams<\/li>\n<\/ul>\n<p>VEIKLIOSIOS MED\u017dIAGOS:<\/p>\n<div>\n<div>\n<ul>\n<li>\n<div>Alkoholis 75 proc.<\/div>\n<\/li>\n<li>Arbatmed\u017eio aliejus<\/li>\n<li>Pantenolis<\/li>\n<li>Sinodoras<\/li>\n<\/ul>\n<\/div>\n<\/div>\n<div><\/div>\n<p>POVEIKIS:<\/p>\n<div>\n<ul>\n<li>\n<div>\n<p>naudojamas prie\u0161 pediki\u016bro proced\u016bras<\/p>\n<\/div>\n<\/li>\n<li>\n<div>\n<p>atgaivina kojas ir suteikia malon\u0173 jausm\u0105<\/p>\n<\/div>\n<\/li>\n<li>turi antiseptini\u0173 ir antibakterini\u0173 savybi\u0173<\/li>\n<li>pa\u0161alina nemalon\u0173 p\u0117d\u0173 kvap\u0105<\/li>\n<\/ul>\n<\/div>\n<p>NAUDOJIMAS:<\/p>\n<ul>\n<li>\n<div>nupurk\u0161kite kojas i\u0161 10 cm atstumo<\/div>\n<\/li>\n<li>paskirstykite preparat\u0105 ma\u017eiau prieinamose vietose<\/li>\n<li>naudokite prie\u0161\u00a0proced\u016bras ir j\u0173 metu<\/li>\n<\/ul>\n<p>300 ml (ma\u017edaug\u00a0100 proced\u016br\u0173)<\/p>\n","protected":false},"featured_media":5046,"comment_status":"closed","ping_status":"closed","template":"","meta":{"_et_pb_use_builder":"on","_et_pb_old_content":"","_et_gb_content_width":""},"product_brand":[],"product_cat":[95,87,70],"product_tag":[],"class_list":{"0":"post-716","1":"product","2":"type-product","3":"status-publish","4":"has-post-thumbnail","6":"product_cat-kojoms","7":"product_cat-manikiuras-pedikiuras-kosmetika","8":"product_cat-manikiuras-pedikiuras-2","10":"first","11":"outofstock","12":"shipping-taxable","13":"purchasable","14":"product-type-simple"},"_links":{"self":[{"href":"https:\/\/carla.lt\/en\/wp-json\/wp\/v2\/product\/716","targetHints":{"allow":["GET"]}}],"collection":[{"href":"https:\/\/carla.lt\/en\/wp-json\/wp\/v2\/product"}],"about":[{"href":"https:\/\/carla.lt\/en\/wp-json\/wp\/v2\/types\/product"}],"replies":[{"embeddable":true,"href":"https:\/\/carla.lt\/en\/wp-json\/wp\/v2\/comments?post=716"}],"wp:featuredmedia":[{"embeddable":true,"href":"https:\/\/carla.lt\/en\/wp-json\/wp\/v2\/media\/5046"}],"wp:attachment":[{"href":"https:\/\/carla.lt\/en\/wp-json\/wp\/v2\/media?parent=716"}],"wp:term":[{"taxonomy":"product_brand","embeddable":true,"href":"https:\/\/carla.lt\/en\/wp-json\/wp\/v2\/product_brand?post=716"},{"taxonomy":"product_cat","embeddable":true,"href":"https:\/\/carla.lt\/en\/wp-json\/wp\/v2\/product_cat?post=716"},{"taxonomy":"product_tag","embeddable":true,"href":"https:\/\/carla.lt\/en\/wp-json\/wp\/v2\/product_tag?post=716"}],"curies":[{"name":"wp","href":"https:\/\/api.w.org\/{rel}","templated":true}]}}