{"id":7704,"date":"2025-01-30T12:50:57","date_gmt":"2025-01-30T10:50:57","guid":{"rendered":"https:\/\/carla.lt\/?post_type=product&#038;p=7704"},"modified":"2025-01-30T12:54:02","modified_gmt":"2025-01-30T10:54:02","slug":"drekinamasis-kuno-prausiklis-200ml","status":"publish","type":"product","link":"https:\/\/carla.lt\/en\/produktas\/drekinamasis-kuno-prausiklis-200ml\/","title":{"rendered":"Dr\u0117kinamasis k\u016bno prausiklis 200ml"},"content":{"rendered":"<p>Stipriai dr\u0117kinantis du\u0161o gelis, tinkamas net ir itin sasai ir jautriai odai.<\/p>\n<p>Speciali du\u0161o gelio formul\u0117 \u0161velniai maitina od\u0105 ir praturtina j\u0105 vertinga dr\u0117gme.<\/p>\n<p>U\u017etepus \u0161velni tekst\u016bra virsta aksomi\u0161kai \u0161velniomis, kremin\u0117mis putomis ir i\u0161siskiria lengvu, maloniu saldumu, gautu i\u0161 taukmed\u017eio sviesto ir kokos\u0173 aliejaus. Kad oda b\u016bt\u0173 elastinga, \u0161velni ir \u0161vari.<\/p>\n<p>Talpa: 200ml.<\/p>\n","protected":false},"excerpt":{"rendered":"<p>Stipriai dr\u0117kinantis du\u0161o gelis, tinkamas net ir itin sasai ir jautriai odai. Speciali du\u0161o gelio formul\u0117 \u0161velniai maitina od\u0105 ir praturtina j\u0105 vertinga dr\u0117gme. U\u017etepus \u0161velni tekst\u016bra virsta aksomi\u0161kai \u0161velniomis, kremin\u0117mis putomis ir i\u0161siskiria lengvu, maloniu saldumu, gautu i\u0161 taukmed\u017eio sviesto ir kokos\u0173 aliejaus. Kad oda b\u016bt\u0173 elastinga, \u0161velni ir \u0161vari. Talpa: 200ml.<\/p>\n","protected":false},"featured_media":7705,"comment_status":"open","ping_status":"closed","template":"","meta":{"_et_pb_use_builder":"","_et_pb_old_content":"","_et_gb_content_width":""},"product_brand":[],"product_cat":[65,1279,1369,96],"product_tag":[],"class_list":{"0":"post-7704","1":"product","2":"type-product","3":"status-publish","4":"has-post-thumbnail","6":"product_cat-e-parduotuve","7":"product_cat-grozis","8":"product_cat-kunas","9":"product_cat-rankoms","11":"first","12":"instock","13":"shipping-taxable","14":"purchasable","15":"product-type-simple"},"_links":{"self":[{"href":"https:\/\/carla.lt\/en\/wp-json\/wp\/v2\/product\/7704","targetHints":{"allow":["GET"]}}],"collection":[{"href":"https:\/\/carla.lt\/en\/wp-json\/wp\/v2\/product"}],"about":[{"href":"https:\/\/carla.lt\/en\/wp-json\/wp\/v2\/types\/product"}],"replies":[{"embeddable":true,"href":"https:\/\/carla.lt\/en\/wp-json\/wp\/v2\/comments?post=7704"}],"wp:featuredmedia":[{"embeddable":true,"href":"https:\/\/carla.lt\/en\/wp-json\/wp\/v2\/media\/7705"}],"wp:attachment":[{"href":"https:\/\/carla.lt\/en\/wp-json\/wp\/v2\/media?parent=7704"}],"wp:term":[{"taxonomy":"product_brand","embeddable":true,"href":"https:\/\/carla.lt\/en\/wp-json\/wp\/v2\/product_brand?post=7704"},{"taxonomy":"product_cat","embeddable":true,"href":"https:\/\/carla.lt\/en\/wp-json\/wp\/v2\/product_cat?post=7704"},{"taxonomy":"product_tag","embeddable":true,"href":"https:\/\/carla.lt\/en\/wp-json\/wp\/v2\/product_tag?post=7704"}],"curies":[{"name":"wp","href":"https:\/\/api.w.org\/{rel}","templated":true}]}}